{"id":12554,"date":"2016-01-27T12:08:24","date_gmt":"2016-01-27T17:08:24","guid":{"rendered":"http:\/\/cortemetal.com.co\/product\/nitrogeno\/"},"modified":"2021-05-27T09:23:39","modified_gmt":"2021-05-27T14:23:39","slug":"nitrogeno","status":"publish","type":"product","link":"https:\/\/cortemetal.com.co\/en\/product\/nitrogeno\/","title":{"rendered":"Nitr\u00f3geno"},"content":{"rendered":"","protected":false},"excerpt":{"rendered":"<p style=\"text-align: justify;\">El nitr\u00f3geno es un gas incoloro e inodoro, formando parte del aire atmosf\u00e9rico en un 78,09% vol. El nitr\u00f3geno no es combustible ni t\u00f3xico, comport\u00e1ndose frente a las dem\u00e1s sustancias como un gas inerte.<\/p>\n<p style=\"text-align: justify;\"><strong>Usos<\/strong><strong>:\u00a0<\/strong>El nitr\u00f3geno se usa como gas de purga en la soldadura de tubos de acero inoxidable. Tambi\u00e9n puede usarse como gas auxiliar en el corte con l\u00e1ser y para mejorar el corte con plasma.<\/p>\n<p>&nbsp;<\/p>","protected":false},"featured_media":12555,"comment_status":"closed","ping_status":"closed","template":"","meta":[],"product_cat":[48],"product_tag":[],"_links":{"self":[{"href":"https:\/\/cortemetal.com.co\/en\/wp-json\/wp\/v2\/product\/12554"}],"collection":[{"href":"https:\/\/cortemetal.com.co\/en\/wp-json\/wp\/v2\/product"}],"about":[{"href":"https:\/\/cortemetal.com.co\/en\/wp-json\/wp\/v2\/types\/product"}],"replies":[{"embeddable":true,"href":"https:\/\/cortemetal.com.co\/en\/wp-json\/wp\/v2\/comments?post=12554"}],"wp:featuredmedia":[{"embeddable":true,"href":"https:\/\/cortemetal.com.co\/en\/wp-json\/wp\/v2\/media\/12555"}],"wp:attachment":[{"href":"https:\/\/cortemetal.com.co\/en\/wp-json\/wp\/v2\/media?parent=12554"}],"wp:term":[{"taxonomy":"product_cat","embeddable":true,"href":"https:\/\/cortemetal.com.co\/en\/wp-json\/wp\/v2\/product_cat?post=12554"},{"taxonomy":"product_tag","embeddable":true,"href":"https:\/\/cortemetal.com.co\/en\/wp-json\/wp\/v2\/product_tag?post=12554"}],"curies":[{"name":"wp","href":"https:\/\/api.w.org\/{rel}","templated":true}]}}