{"id":12558,"date":"2016-02-01T12:48:10","date_gmt":"2016-02-01T17:48:10","guid":{"rendered":"http:\/\/cortemetal.com.co\/product\/contenedores-sala-de-ventas\/"},"modified":"2021-06-17T17:50:50","modified_gmt":"2021-06-17T22:50:50","slug":"contenedores-sala-de-ventas","status":"publish","type":"product","link":"https:\/\/cortemetal.com.co\/en\/product\/contenedores-sala-de-ventas\/","title":{"rendered":"Contenedores tipo sala de ventas"},"content":{"rendered":"","protected":false},"excerpt":{"rendered":"<p>Son la soluci\u00f3n inmediata para dar inicio a la obra del cliente. Cuentan con laterales en vidrio ideales para aumentar la magnitud visual del proyecto, adem\u00e1s de llamar la atenci\u00f3n de potenciales clientes.<\/p>\n<p>Cuenta con gran facilidad de traslado, asegurando su operaci\u00f3n en diferentes lugares y conservando la identidad de la marca; con esta unidad es posible iniciar ventas r\u00e1pidamente de una forma original, pr\u00e1ctica y efectiva.<\/p>\n<p>&nbsp;<\/p>","protected":false},"featured_media":12559,"comment_status":"closed","ping_status":"closed","template":"","meta":[],"product_cat":[50],"product_tag":[],"_links":{"self":[{"href":"https:\/\/cortemetal.com.co\/en\/wp-json\/wp\/v2\/product\/12558"}],"collection":[{"href":"https:\/\/cortemetal.com.co\/en\/wp-json\/wp\/v2\/product"}],"about":[{"href":"https:\/\/cortemetal.com.co\/en\/wp-json\/wp\/v2\/types\/product"}],"replies":[{"embeddable":true,"href":"https:\/\/cortemetal.com.co\/en\/wp-json\/wp\/v2\/comments?post=12558"}],"wp:featuredmedia":[{"embeddable":true,"href":"https:\/\/cortemetal.com.co\/en\/wp-json\/wp\/v2\/media\/12559"}],"wp:attachment":[{"href":"https:\/\/cortemetal.com.co\/en\/wp-json\/wp\/v2\/media?parent=12558"}],"wp:term":[{"taxonomy":"product_cat","embeddable":true,"href":"https:\/\/cortemetal.com.co\/en\/wp-json\/wp\/v2\/product_cat?post=12558"},{"taxonomy":"product_tag","embeddable":true,"href":"https:\/\/cortemetal.com.co\/en\/wp-json\/wp\/v2\/product_tag?post=12558"}],"curies":[{"name":"wp","href":"https:\/\/api.w.org\/{rel}","templated":true}]}}