{"id":12569,"date":"2016-02-24T12:45:35","date_gmt":"2016-02-24T17:45:35","guid":{"rendered":"http:\/\/cortemetal.com.co\/product\/contenedores-oficina\/"},"modified":"2021-06-17T20:13:24","modified_gmt":"2021-06-18T01:13:24","slug":"contenedores-oficina","status":"publish","type":"product","link":"https:\/\/cortemetal.com.co\/en\/product\/contenedores-oficina\/","title":{"rendered":"Contenedores tipo oficina"},"content":{"rendered":"","protected":false},"excerpt":{"rendered":"<p>Nuestros contenedores son elementos especialmente adaptados para que su equipo humano en obra goce de confortabillidad y seguridad. Pueden estar en Construcciones, montajes, eventos,vitrinas, exhibiciones etc. Son de f\u00e1cil portabilidad.<\/p>\n<p>Estos cuentan con 2 ventanas, una puerta lateral, paredes internas, algunas forradas con superboard, otras con machimbre \u00f3 madera Aglomerada, laminada. Entre paredes y techo poseen aislamiento t\u00e9rmico. Cuentan con caja de Breaker, un interruptor, 2 l\u00e1mparas, 4 Tomas y un aire acondicionado de 18.000 BTU. El piso es de madera original, forrado en Vinilo pl\u00e1stico de alto tr\u00e1fico.<\/p>\n<p><strong>Condiciones para alquiler:<\/strong>\u00a0Pago anticipado del primer mes de alquiler + transporte ida y regreso . Para su entrega se requiere Rut, Certificado de C\u00e1mara de Comercio , no mayor a 30 dias. CC, representante legal y firma de contrato de alquiler.<\/p>\n<p><strong>Tiempo de entrega:<\/strong>\u00a0Un dia despu\u00e9s de confirmado el pago y de acuerdo a disponibilidad del equipo.<\/p>\n<p><strong>Tiempo de alquiler:<\/strong>\u00a0Se cobra m\u00ednimo un mes.<\/p>\n<p><strong>Transporte:<\/strong>\u00a0Lo prestamos con nuestro veh\u00edculo especialmente adaptado para este fin. \u00c9l se carga, transporta y auto descarga por s\u00ed mismo y las tarifas son acordes a el sitio donde se requiera. Abarcamos el Suroccidente colombiano.<\/p>\n<p><strong>Peso:<\/strong>\u00a02.900Kg. con paredes y aire.<br \/>\n<strong>Estado original:<\/strong>\u00a02.300Kg.<br \/>\n<strong>Capacidad :<\/strong>\u00a033.2 M3<br \/>\n<strong>Dimensiones externas:<\/strong>\u00a02.40 x 2.40 x 6Mt.<\/p>\n<p>&nbsp;<\/p>","protected":false},"featured_media":12570,"comment_status":"closed","ping_status":"closed","template":"","meta":[],"product_cat":[50],"product_tag":[],"_links":{"self":[{"href":"https:\/\/cortemetal.com.co\/en\/wp-json\/wp\/v2\/product\/12569"}],"collection":[{"href":"https:\/\/cortemetal.com.co\/en\/wp-json\/wp\/v2\/product"}],"about":[{"href":"https:\/\/cortemetal.com.co\/en\/wp-json\/wp\/v2\/types\/product"}],"replies":[{"embeddable":true,"href":"https:\/\/cortemetal.com.co\/en\/wp-json\/wp\/v2\/comments?post=12569"}],"wp:featuredmedia":[{"embeddable":true,"href":"https:\/\/cortemetal.com.co\/en\/wp-json\/wp\/v2\/media\/12570"}],"wp:attachment":[{"href":"https:\/\/cortemetal.com.co\/en\/wp-json\/wp\/v2\/media?parent=12569"}],"wp:term":[{"taxonomy":"product_cat","embeddable":true,"href":"https:\/\/cortemetal.com.co\/en\/wp-json\/wp\/v2\/product_cat?post=12569"},{"taxonomy":"product_tag","embeddable":true,"href":"https:\/\/cortemetal.com.co\/en\/wp-json\/wp\/v2\/product_tag?post=12569"}],"curies":[{"name":"wp","href":"https:\/\/api.w.org\/{rel}","templated":true}]}}