{"id":12571,"date":"2016-02-24T12:49:35","date_gmt":"2016-02-24T17:49:35","guid":{"rendered":"http:\/\/cortemetal.com.co\/product\/contenedores-bodega\/"},"modified":"2021-06-17T18:08:58","modified_gmt":"2021-06-17T23:08:58","slug":"contenedores-bodega","status":"publish","type":"product","link":"https:\/\/cortemetal.com.co\/en\/product\/contenedores-bodega\/","title":{"rendered":"Contenedores tipo bodega"},"content":{"rendered":"","protected":false},"excerpt":{"rendered":"<p>Los Contenedores Mar\u00edtimos bodega, por la seguridad, versatilidad y econom\u00eda, son equipos originales, pintados con colores corporativos de Cortemetal, normalmente utilizados para almacenar todo tipo de elementos, que no sobrepasen las medidas de 2.38X2.38X5.80Mts. Su dise\u00f1o estructural lo hace ideal para obras de ingenier\u00eda, construcci\u00f3n almacenamiento de maquinarias y art\u00edculos variados.<\/p>\n<p>Contamos con contenedores que incluyen 3 lamparas led e instalaciones el\u00e9ctricas con 5 toma corrientes y aire acondicionado de 24.000 BTU (estos son servicios adicionales, tambi\u00e9n puedes adquirir tu contenedor y prescindir de uno o mas de estos servicios)<\/p>\n<p><strong>Forma de Pago:<\/strong> se cancela por anticipado el Primer mes + transporte ida y regreso.<\/p>\n<p><strong>Requisitos para alquiler:<\/strong> Certificado de C\u00e1mara, Rut y CC. del representante legal + contrato de arrendamiento el cual es m\u00ednimo por un mes.<\/p>\n<p><strong>Transporte:<\/strong> Lo prestamos con nuestro veh\u00edculo especialmente adaptado para este fin. \u00c9l se carga, transporta y auto descarga por s\u00ed mismo y las tarifas son acordes a el sitio donde se requiera. Abarcamos el Suroccidente colombiano.<\/p>\n<p><strong>Peso vacio:2.<\/strong>300Kg.<\/p>\n<p><strong>Capacidad : <\/strong>33 M<\/p>\n<p><strong>Medidas externas: <\/strong>2.40 x 2.40 x 6mt.<\/p>\n<p>&nbsp;<\/p>","protected":false},"featured_media":12572,"comment_status":"closed","ping_status":"closed","template":"","meta":[],"product_cat":[50],"product_tag":[],"_links":{"self":[{"href":"https:\/\/cortemetal.com.co\/en\/wp-json\/wp\/v2\/product\/12571"}],"collection":[{"href":"https:\/\/cortemetal.com.co\/en\/wp-json\/wp\/v2\/product"}],"about":[{"href":"https:\/\/cortemetal.com.co\/en\/wp-json\/wp\/v2\/types\/product"}],"replies":[{"embeddable":true,"href":"https:\/\/cortemetal.com.co\/en\/wp-json\/wp\/v2\/comments?post=12571"}],"wp:featuredmedia":[{"embeddable":true,"href":"https:\/\/cortemetal.com.co\/en\/wp-json\/wp\/v2\/media\/12572"}],"wp:attachment":[{"href":"https:\/\/cortemetal.com.co\/en\/wp-json\/wp\/v2\/media?parent=12571"}],"wp:term":[{"taxonomy":"product_cat","embeddable":true,"href":"https:\/\/cortemetal.com.co\/en\/wp-json\/wp\/v2\/product_cat?post=12571"},{"taxonomy":"product_tag","embeddable":true,"href":"https:\/\/cortemetal.com.co\/en\/wp-json\/wp\/v2\/product_tag?post=12571"}],"curies":[{"name":"wp","href":"https:\/\/api.w.org\/{rel}","templated":true}]}}