{"id":12575,"date":"2016-02-24T12:54:04","date_gmt":"2016-02-24T17:54:04","guid":{"rendered":"http:\/\/cortemetal.com.co\/product\/corte-y-doblez-de-lamina\/"},"modified":"2021-06-18T09:56:20","modified_gmt":"2021-06-18T14:56:20","slug":"corte-y-doblez-de-lamina","status":"publish","type":"product","link":"https:\/\/cortemetal.com.co\/en\/product\/corte-y-doblez-de-lamina\/","title":{"rendered":"Corte y doblez de l\u00e1mina cnc"},"content":{"rendered":"<h2><span style=\"font-size: 12pt;\"><strong>\u00bfComo es el proceso de Corte de Metal?<\/strong><\/span><\/h2>\n<p>Es un proceso mec\u00e1nico de corte de l\u00e1mina recto, generalmente se hace con cizallas, sin embargo, la herramienta utilizada para hacer el corte y la t\u00e9cnica dispuesta depende de los tipos de materiales (acero, acero inoxidable, aluminio, cobre, hierro) y la forma final y acabado del mismo.<\/p>\n<p>El resultado de esta operaci\u00f3n puede ser:<\/p>\n<p><strong>Cizallado:<\/strong> se refiere al corte en l\u00ednea recta de una l\u00e1mina, se usa regularmente para reducir el tama\u00f1o de l\u00e1minas.<\/p>\n<p><strong><img decoding=\"async\" loading=\"lazy\" class=\"alignnone size-full wp-image-12034\" src=\"http:\/\/cortemetal.com.co\/wp-content\/uploads\/2016\/02\/Cizallado-en-cali.jpg\" alt=\"Cizallado-metal-en-cali\" width=\"352\" height=\"212\" \/><\/strong><\/p>\n<p><strong>Punzonado: <\/strong>\u00a0Proceso mec\u00e1nico en el que se realizan cortes de forma geom\u00e9trica sobre una l\u00e1mina, generando as\u00ed un dise\u00f1o que se usa generalmente para fachadas, celos\u00edas y piezas decorativas.<\/p>\n<p><strong><img decoding=\"async\" loading=\"lazy\" class=\"alignnone size-full wp-image-12035\" src=\"http:\/\/cortemetal.com.co\/wp-content\/uploads\/2016\/02\/punzonado-cali.jpg\" alt=\"punzonado-lamina-cali\" width=\"270\" height=\"212\" \/><\/strong><\/p>\n<p><strong>Troquelado: <\/strong>Este proceso es parecido al cizallado, con la diferencia que aqu\u00ed se le da forma a la l\u00e1mina.<\/p>\n<p>El corte CNC permite que a trav\u00e9s del computador se creen patrones, generando as\u00ed cortes de l\u00e1minas perfectos y ayuda a que el desperdicio de metal sea m\u00ednimo, en Nuestra empresa contamos con personal calificado para asesorarlo en la t\u00e9cnica de corte que se ajuste a sus necesidades y a su vez tenga el mejor precio, la calidad y la precisi\u00f3n que usted requiera.<\/p>\n<h2><span style=\"font-size: 12pt;\"><strong>\u00bfComo es el proceso de doblado de Metales?<\/strong><\/span><\/h2>\n<p>El doblado es un proceso en el cual se aplica fuerza a una l\u00e1mina met\u00e1lica, generando as\u00ed que se doble en el \u00e1ngulo, creando la forma deseada y no se produce ning\u00fan cambio en el espesor de la l\u00e1mina.<\/p>\n<p>Existen 2 tipos de doblado:<\/p>\n<p><strong>Doblado Deslizante<\/strong>: Solo para \u00e1ngulos de 90 grados, una placa presiona la l\u00e1mina a la matriz mientras el punz\u00f3n realiza una fuerza que la dobla.<\/p>\n<p><strong><img decoding=\"async\" loading=\"lazy\" class=\"alignnone size-full wp-image-12036\" src=\"http:\/\/cortemetal.com.co\/wp-content\/uploads\/2016\/02\/doblado-metal-cali.jpg\" alt=\"doblado-metal-cali\" width=\"252\" height=\"212\" \/><\/strong><\/p>\n<p><strong>Doblado entre formas: <\/strong>Para \u00e1ngulos obtusos o agudos, la l\u00e1mina es doblada entre un punz\u00f3n en forma de V (puede ser otra forma) y una matriz.<\/p>\n<p><img decoding=\"async\" loading=\"lazy\" class=\"alignnone size-full wp-image-12037\" src=\"http:\/\/cortemetal.com.co\/wp-content\/uploads\/2016\/02\/doblado-lamina-cali.jpg\" alt=\"doblado-lamina-cali\" width=\"252\" height=\"212\" \/><\/p>\n<p>Dentro de los productos que puedes fabricar a partir del corte y doblado de l\u00e1mina se encuentran: elementos mec\u00e1nicos, puertas, ventanas, rejas, muebles met\u00e1licos, bandejas, art\u00edculos decorativos.<\/p>\n<p><strong><em>No dudes m\u00e1s, \u00a1trae tu proyecto!, en Cortemetal te brindamos la mejor asesor\u00eda para llevarlo a cabo, contamos con 25 a\u00f1os de experiencia en la industria metal mec\u00e1nica.<\/em><\/strong><\/p>","protected":false},"excerpt":{"rendered":"<h2><span style=\"font-size: 12pt;\">Servicio de Corte y Doblez de Metal<\/span><\/h2>\n<p>El corte y doblado consiste en transformar la l\u00e1mina HR, CR e INOXIDABLE con punzones y cuchillas, como resultado tendremos una l\u00e1mina doblada o cortada con la que se puede realizar todo tipo de elementos como cajas, canales, bandejas, escalones, marcos, etc.<\/p>\n<p>&nbsp;<\/p>","protected":false},"featured_media":12576,"comment_status":"closed","ping_status":"closed","template":"","meta":[],"product_cat":[51],"product_tag":[],"_links":{"self":[{"href":"https:\/\/cortemetal.com.co\/en\/wp-json\/wp\/v2\/product\/12575"}],"collection":[{"href":"https:\/\/cortemetal.com.co\/en\/wp-json\/wp\/v2\/product"}],"about":[{"href":"https:\/\/cortemetal.com.co\/en\/wp-json\/wp\/v2\/types\/product"}],"replies":[{"embeddable":true,"href":"https:\/\/cortemetal.com.co\/en\/wp-json\/wp\/v2\/comments?post=12575"}],"wp:featuredmedia":[{"embeddable":true,"href":"https:\/\/cortemetal.com.co\/en\/wp-json\/wp\/v2\/media\/12576"}],"wp:attachment":[{"href":"https:\/\/cortemetal.com.co\/en\/wp-json\/wp\/v2\/media?parent=12575"}],"wp:term":[{"taxonomy":"product_cat","embeddable":true,"href":"https:\/\/cortemetal.com.co\/en\/wp-json\/wp\/v2\/product_cat?post=12575"},{"taxonomy":"product_tag","embeddable":true,"href":"https:\/\/cortemetal.com.co\/en\/wp-json\/wp\/v2\/product_tag?post=12575"}],"curies":[{"name":"wp","href":"https:\/\/api.w.org\/{rel}","templated":true}]}}