{"id":12577,"date":"2016-01-27T12:12:09","date_gmt":"2016-01-27T17:12:09","guid":{"rendered":"http:\/\/cortemetal.com.co\/product\/irish-coffee\/"},"modified":"2021-06-19T00:24:53","modified_gmt":"2021-06-19T05:24:53","slug":"argon","status":"publish","type":"product","link":"https:\/\/cortemetal.com.co\/en\/product\/argon\/","title":{"rendered":"Arg\u00f3n"},"content":{"rendered":"","protected":false},"excerpt":{"rendered":"<p style=\"text-align: justify;\">El Arg\u00f3n es un gas noble incoloro e inodoro, formando parte del aire atmosf\u00e9rico en un 0,93 % vol. No es inflamable ni t\u00f3xico<strong>.<\/strong><\/p>\n<p style=\"text-align: justify;\"><strong>Usos<\/strong><strong>:\u00a0<\/strong>Principalmente, como gas de protecci\u00f3n en t\u00e9cnicas de soldeo, gas de corte en el corte l\u00e1ser de metales reactivos, proyecci\u00f3n t\u00e9rmica de superficies, en el recocido de metales, en la elaboraci\u00f3n de componentes electr\u00f3nicos y como gas de barrido en la desgasificaci\u00f3n de metales de fusi\u00f3n.<\/p>\n<p>&nbsp;<\/p>","protected":false},"featured_media":12578,"comment_status":"closed","ping_status":"closed","template":"","meta":[],"product_cat":[48],"product_tag":[],"_links":{"self":[{"href":"https:\/\/cortemetal.com.co\/en\/wp-json\/wp\/v2\/product\/12577"}],"collection":[{"href":"https:\/\/cortemetal.com.co\/en\/wp-json\/wp\/v2\/product"}],"about":[{"href":"https:\/\/cortemetal.com.co\/en\/wp-json\/wp\/v2\/types\/product"}],"replies":[{"embeddable":true,"href":"https:\/\/cortemetal.com.co\/en\/wp-json\/wp\/v2\/comments?post=12577"}],"wp:featuredmedia":[{"embeddable":true,"href":"https:\/\/cortemetal.com.co\/en\/wp-json\/wp\/v2\/media\/12578"}],"wp:attachment":[{"href":"https:\/\/cortemetal.com.co\/en\/wp-json\/wp\/v2\/media?parent=12577"}],"wp:term":[{"taxonomy":"product_cat","embeddable":true,"href":"https:\/\/cortemetal.com.co\/en\/wp-json\/wp\/v2\/product_cat?post=12577"},{"taxonomy":"product_tag","embeddable":true,"href":"https:\/\/cortemetal.com.co\/en\/wp-json\/wp\/v2\/product_tag?post=12577"}],"curies":[{"name":"wp","href":"https:\/\/api.w.org\/{rel}","templated":true}]}}