{"id":12581,"date":"2018-09-23T02:50:56","date_gmt":"2018-09-23T07:50:56","guid":{"rendered":"http:\/\/cortemetal.com.co\/product\/oxicorte\/"},"modified":"2021-05-27T09:22:15","modified_gmt":"2021-05-27T14:22:15","slug":"oxicorte","status":"publish","type":"product","link":"https:\/\/cortemetal.com.co\/en\/product\/oxicorte\/","title":{"rendered":"Oxicorte"},"content":{"rendered":"<p>[vc_row][vc_column][vc_column_text]El oxicorte es una t\u00e9cnica con la que se puede cortar metales a trav\u00e9s de su combusti\u00f3n local y continua\u00a0 con asistencia de un chorro de oxigeno.<\/p>\n<p>El oxicorte se utiliza para realizar cortes de l\u00e1minas, tubos, barras de acero y otros objetos de metal.<\/p>\n<p>Tiene buena aplicaci\u00f3n en aceros al carbono y aceros de baja aleaci\u00f3n, en Cortemetal te asesoramos para que escojas la mejor t\u00e9cnica de corte, de acuerdo a las caracter\u00edsticas del proyecto que tengas en mente y el material.<\/p>\n<p>\u00a1Trae tu proyecto, nosotros lo materializamos!<\/p>\n<p>&nbsp;<\/p>","protected":false},"excerpt":{"rendered":"<p>Tecnolog\u00eda de corte con gas, se realiza con pant\u00f3grafos de tipo electr\u00f3nica CNC, Hacemos todo tipo de figuras, c\u00edrculos, rect\u00e1ngulos, cuadrados, etc.<\/p>\n<p>&nbsp;<\/p>","protected":false},"featured_media":12582,"comment_status":"closed","ping_status":"closed","template":"","meta":[],"product_cat":[51],"product_tag":[],"_links":{"self":[{"href":"https:\/\/cortemetal.com.co\/en\/wp-json\/wp\/v2\/product\/12581"}],"collection":[{"href":"https:\/\/cortemetal.com.co\/en\/wp-json\/wp\/v2\/product"}],"about":[{"href":"https:\/\/cortemetal.com.co\/en\/wp-json\/wp\/v2\/types\/product"}],"replies":[{"embeddable":true,"href":"https:\/\/cortemetal.com.co\/en\/wp-json\/wp\/v2\/comments?post=12581"}],"wp:featuredmedia":[{"embeddable":true,"href":"https:\/\/cortemetal.com.co\/en\/wp-json\/wp\/v2\/media\/12582"}],"wp:attachment":[{"href":"https:\/\/cortemetal.com.co\/en\/wp-json\/wp\/v2\/media?parent=12581"}],"wp:term":[{"taxonomy":"product_cat","embeddable":true,"href":"https:\/\/cortemetal.com.co\/en\/wp-json\/wp\/v2\/product_cat?post=12581"},{"taxonomy":"product_tag","embeddable":true,"href":"https:\/\/cortemetal.com.co\/en\/wp-json\/wp\/v2\/product_tag?post=12581"}],"curies":[{"name":"wp","href":"https:\/\/api.w.org\/{rel}","templated":true}]}}