{"id":12583,"date":"2018-09-25T16:40:34","date_gmt":"2018-09-25T21:40:34","guid":{"rendered":"http:\/\/cortemetal.com.co\/product\/platinas\/"},"modified":"2021-05-27T09:21:35","modified_gmt":"2021-05-27T14:21:35","slug":"platinas","status":"publish","type":"product","link":"https:\/\/cortemetal.com.co\/en\/product\/platinas\/","title":{"rendered":"Platinas"},"content":{"rendered":"","protected":false},"excerpt":{"rendered":"<p>Producto de acero laminado en caliente en sus cuatro zonas, con una fase oblicua rectangular. Se utilizan para diversos proyectos dentro del sector metal mec\u00e1nico, cerrajer\u00eda ornamental, fabricaci\u00f3n de muebles, carrocer\u00edas de veh\u00edculos, herramientas etc.<\/p>\n<p>&nbsp;<\/p>\n<p>&nbsp;<\/p>","protected":false},"featured_media":12584,"comment_status":"closed","ping_status":"closed","template":"","meta":[],"product_cat":[49],"product_tag":[],"_links":{"self":[{"href":"https:\/\/cortemetal.com.co\/en\/wp-json\/wp\/v2\/product\/12583"}],"collection":[{"href":"https:\/\/cortemetal.com.co\/en\/wp-json\/wp\/v2\/product"}],"about":[{"href":"https:\/\/cortemetal.com.co\/en\/wp-json\/wp\/v2\/types\/product"}],"replies":[{"embeddable":true,"href":"https:\/\/cortemetal.com.co\/en\/wp-json\/wp\/v2\/comments?post=12583"}],"wp:featuredmedia":[{"embeddable":true,"href":"https:\/\/cortemetal.com.co\/en\/wp-json\/wp\/v2\/media\/12584"}],"wp:attachment":[{"href":"https:\/\/cortemetal.com.co\/en\/wp-json\/wp\/v2\/media?parent=12583"}],"wp:term":[{"taxonomy":"product_cat","embeddable":true,"href":"https:\/\/cortemetal.com.co\/en\/wp-json\/wp\/v2\/product_cat?post=12583"},{"taxonomy":"product_tag","embeddable":true,"href":"https:\/\/cortemetal.com.co\/en\/wp-json\/wp\/v2\/product_tag?post=12583"}],"curies":[{"name":"wp","href":"https:\/\/api.w.org\/{rel}","templated":true}]}}