{"id":12585,"date":"2018-09-28T14:05:38","date_gmt":"2018-09-28T19:05:38","guid":{"rendered":"http:\/\/cortemetal.com.co\/product\/rolado-de-lamina-cnc\/"},"modified":"2021-02-05T01:22:13","modified_gmt":"2021-02-05T06:22:13","slug":"rolado-de-lamina-cnc","status":"publish","type":"product","link":"https:\/\/cortemetal.com.co\/en\/product\/rolado-de-lamina-cnc\/","title":{"rendered":"Rolado de l\u00e1mina cnc"},"content":{"rendered":"<h2><span style=\"font-size: 12pt;\"><strong>Que es el Rolado de L\u00e1minas?<\/strong><\/span><\/h2>\n<p>Se define como un proceso mec\u00e1nico donde se pasa una l\u00e1mina met\u00e1lica trav\u00e9s de rodillos que hacen presi\u00f3n, el resultado es una pieza en forma cil\u00edndrica o c\u00f3nica.<\/p>\n<p>Su caracter\u00edstica principal es que los dos cantos extremos coinciden perfectamente, una vez obtenida la forma tubular los bordes son soldados para conseguir cerrar la pieza.<\/p>","protected":false},"excerpt":{"rendered":"<h2><span style=\"font-size: 12pt;\">Servicio de Rolado de L\u00e1minas Met\u00e1licas CNC<\/span><\/h2>\n<p>El proceso de rolado se realiza mediante una roladora que permite dar forma de circuferencia a cualquier l\u00e1mina HR, CR e INOXIDABLES. Hacemos Tubos, tanques, tolvas, tapas, transiciones, codos, etc.<\/p>\n<h2><span style=\"font-size: 12pt;\"><strong>Que es el Rolado de L\u00e1minas?<\/strong><\/span><\/h2>\n<p>Se define como un proceso mec\u00e1nico donde se pasa una l\u00e1mina met\u00e1lica trav\u00e9s de rodillos que hacen presi\u00f3n, el resultado es una pieza en forma cil\u00edndrica o c\u00f3nica.<\/p>\n<p>Su caracter\u00edstica principal es que los dos cantos extremos coinciden perfectamente, una vez obtenida la forma tubular los bordes son soldados para conseguir cerrar la pieza.<\/p>","protected":false},"featured_media":12586,"comment_status":"closed","ping_status":"closed","template":"","meta":[],"product_cat":[51],"product_tag":[],"_links":{"self":[{"href":"https:\/\/cortemetal.com.co\/en\/wp-json\/wp\/v2\/product\/12585"}],"collection":[{"href":"https:\/\/cortemetal.com.co\/en\/wp-json\/wp\/v2\/product"}],"about":[{"href":"https:\/\/cortemetal.com.co\/en\/wp-json\/wp\/v2\/types\/product"}],"replies":[{"embeddable":true,"href":"https:\/\/cortemetal.com.co\/en\/wp-json\/wp\/v2\/comments?post=12585"}],"wp:featuredmedia":[{"embeddable":true,"href":"https:\/\/cortemetal.com.co\/en\/wp-json\/wp\/v2\/media\/12586"}],"wp:attachment":[{"href":"https:\/\/cortemetal.com.co\/en\/wp-json\/wp\/v2\/media?parent=12585"}],"wp:term":[{"taxonomy":"product_cat","embeddable":true,"href":"https:\/\/cortemetal.com.co\/en\/wp-json\/wp\/v2\/product_cat?post=12585"},{"taxonomy":"product_tag","embeddable":true,"href":"https:\/\/cortemetal.com.co\/en\/wp-json\/wp\/v2\/product_tag?post=12585"}],"curies":[{"name":"wp","href":"https:\/\/api.w.org\/{rel}","templated":true}]}}