{"id":12587,"date":"2018-09-28T14:13:25","date_gmt":"2018-09-28T19:13:25","guid":{"rendered":"http:\/\/cortemetal.com.co\/product\/punzonado-cnc\/"},"modified":"2021-02-09T10:19:50","modified_gmt":"2021-02-09T15:19:50","slug":"punzonado-y-o-perforado-cnc","status":"publish","type":"product","link":"https:\/\/cortemetal.com.co\/en\/product\/punzonado-y-o-perforado-cnc\/","title":{"rendered":"Punzonado y\/o perforado cnc"},"content":{"rendered":"<h2><span style=\"font-size: 12pt;\"><strong>Que es el Punzonado?<\/strong><\/span><\/h2>\n<p>Es un proceso mec\u00e1nico que se basa en perforar una l\u00e1mina met\u00e1lica a trav\u00e9s de un corte, es un proceso en fr\u00edo de corte de l\u00e1mina mediante un punz\u00f3n y matriz.<\/p>\n<p>La Fuerza que se aplica sobre el punz\u00f3n hace que penetre la l\u00e1mina haciendo una rotura del material, finalizando con la expulsi\u00f3n del sobrante.<\/p>\n<p>La tecn\u00f3logia CNC (control n\u00famerico por computador) permite procesar una gran gama de piezas sobre la misma maquina, lo que lo hace el proceso m\u00e1s r\u00e1pido y preciso, dando como resultado piezas sin ning\u00fan defecto.<\/p>\n<h2><span style=\"font-size: 12pt;\"><strong>Piezas que puedes crear a partir de L\u00e1minas punzonadas<\/strong><\/span><\/h2>\n<p>A continuaci\u00f3n te presentamos ideas a modo de inspiraci\u00f3n para tus proyectos:<\/p>\n<p><img decoding=\"async\" loading=\"lazy\" class=\"alignnone wp-image-11921\" src=\"http:\/\/cortemetal.com.co\/wp-content\/uploads\/2018\/09\/piezas-laminas-perforadas-en-cali-01.jpg\" alt=\"donde-punzonar-lamina-en-cali\" width=\"140\" height=\"155\" \/>\u00a0 \u00a0\u00a0<img decoding=\"async\" loading=\"lazy\" class=\"alignnone wp-image-11922\" src=\"http:\/\/cortemetal.com.co\/wp-content\/uploads\/2018\/09\/piezas-laminas-perforadas-en-cali-02.jpg\" alt=\"punzonado de metales en cali\" width=\"134\" height=\"140\" \/>\u00a0 \u00a0 \u00a0<img decoding=\"async\" loading=\"lazy\" class=\"alignnone wp-image-11923\" src=\"http:\/\/cortemetal.com.co\/wp-content\/uploads\/2018\/09\/piezas-laminas-perforadas-en-cali-03.jpg\" alt=\"bancas con laminas punzonadas\" width=\"139\" height=\"141\" \/>\u00a0 \u00a0<img decoding=\"async\" loading=\"lazy\" class=\"alignnone wp-image-11924\" src=\"http:\/\/cortemetal.com.co\/wp-content\/uploads\/2018\/09\/piezas-laminas-perforadas-en-cali-06.jpg\" alt=\"fachadas con laminas perforadas\" width=\"107\" height=\"137\" \/><\/p>\n<h2 style=\"text-align: center;\"><span style=\"font-size: 12pt;\"><strong>Cat\u00e1logo de L\u00e1minas punzonadas<\/strong><\/span><\/h2>\n<p><img decoding=\"async\" loading=\"lazy\" class=\"wp-image-11928 size-full aligncenter\" src=\"http:\/\/cortemetal.com.co\/wp-content\/uploads\/2018\/09\/catalogo-laminas-perforadas-1.jpg\" alt=\"\" width=\"565\" height=\"730\" \/><\/p>","protected":false},"excerpt":{"rendered":"<h2><span style=\"font-size: 12pt;\">Servicio de Punzonado CNC<\/span><\/h2>\n<p>Crea fant\u00e1sticas piezas para decorar con l\u00e1minas perforadas o punzonadas: fachadas en metal, papeleras, sillas, repisas, pisa papeles, bandejas, escritorios y mucho m\u00e1s, trae tu dise\u00f1o, nosotros lo hacemos realidad.<\/p>","protected":false},"featured_media":12588,"comment_status":"closed","ping_status":"closed","template":"","meta":[],"product_cat":[51],"product_tag":[],"_links":{"self":[{"href":"https:\/\/cortemetal.com.co\/en\/wp-json\/wp\/v2\/product\/12587"}],"collection":[{"href":"https:\/\/cortemetal.com.co\/en\/wp-json\/wp\/v2\/product"}],"about":[{"href":"https:\/\/cortemetal.com.co\/en\/wp-json\/wp\/v2\/types\/product"}],"replies":[{"embeddable":true,"href":"https:\/\/cortemetal.com.co\/en\/wp-json\/wp\/v2\/comments?post=12587"}],"wp:featuredmedia":[{"embeddable":true,"href":"https:\/\/cortemetal.com.co\/en\/wp-json\/wp\/v2\/media\/12588"}],"wp:attachment":[{"href":"https:\/\/cortemetal.com.co\/en\/wp-json\/wp\/v2\/media?parent=12587"}],"wp:term":[{"taxonomy":"product_cat","embeddable":true,"href":"https:\/\/cortemetal.com.co\/en\/wp-json\/wp\/v2\/product_cat?post=12587"},{"taxonomy":"product_tag","embeddable":true,"href":"https:\/\/cortemetal.com.co\/en\/wp-json\/wp\/v2\/product_tag?post=12587"}],"curies":[{"name":"wp","href":"https:\/\/api.w.org\/{rel}","templated":true}]}}