{"id":12589,"date":"2018-09-28T14:17:58","date_gmt":"2018-09-28T19:17:58","guid":{"rendered":"http:\/\/cortemetal.com.co\/product\/curvado-de-perfiles-cnc\/"},"modified":"2021-06-17T17:20:31","modified_gmt":"2021-06-17T22:20:31","slug":"curvado-de-perfiles-cnc","status":"publish","type":"product","link":"https:\/\/cortemetal.com.co\/en\/product\/curvado-de-perfiles-cnc\/","title":{"rendered":"Curvado de perfiles cnc"},"content":{"rendered":"<p>Hay proyectos que requieren de dise\u00f1os en los que es necesario curvar perfiles, Es asi como surge la inquietud a cerca de la probabilidad que hay de doblar los distintos <strong>Tipos de perfiles y Tubos de acero\u00a0<\/strong>existentes.<\/p>\n<p>Para responder ante esta demanda hay dos tipos de alternativas: el procedimiento en fr\u00edo y el procedimiento en caliente por inducci\u00f3n de alta frecuencia.<\/p>\n<p>Es as\u00ed como la constituci\u00f3n de una curva con un perfil cambia dependiendo del tipo de perfil y la orientaci\u00f3n de la torsi\u00f3n y requiere control de las desfiguraci\u00f3n en la parte interna del perfil curvado y en la parte externa del perfil curvado. Si estos esfuerzos superan ciertos limites, se podr\u00edan generar grietas y distorsiones en el perfil que perjudicar\u00edan su estructura y su aspecto.<\/p>\n<p>Por eso en Cortemetal contamos con maquinaria de la m\u00e1s alta calidad y est\u00e1ndares que nos permiten junto a nuestro personal generar proyectos impecables, por que nuestro objetivo es indudablemente satisfacer las necesidades y dar soluciones a Nuestros Clientes.<\/p>","protected":false},"excerpt":{"rendered":"<p>Dise\u00f1e cualquier pieza curvada de gran calidad, en Cortemetal la hacemos realidad.<\/p>\n<p>Hay proyectos que requieren de dise\u00f1os en los que es necesario curvar perfiles, Es asi como surge la inquietud a cerca de la probabilidad que hay de doblar los distintos Tipos de perfiles y Tubos de acero\u00a0existentes.<\/p>\n<p>Para responder ante esta demanda hay dos tipos de alternativas: el procedimiento en fr\u00edo y el procedimiento en caliente por inducci\u00f3n de alta frecuencia.<\/p>\n<p>Es as\u00ed como la constituci\u00f3n de una curva con un perfil cambia dependiendo del tipo de perfil y la orientaci\u00f3n de la torsi\u00f3n y requiere control de las desfiguraci\u00f3n en la parte interna del perfil curvado y en la parte externa del perfil curvado. Si estos esfuerzos superan ciertos limites, se podr\u00edan generar grietas y distorsiones en el perfil que perjudicar\u00edan su estructura y su aspecto.<\/p>\n<p>Por eso en Cortemetal contamos con maquinaria de la m\u00e1s alta calidad y est\u00e1ndares que nos permiten junto a nuestro personal generar proyectos impecables, por que nuestro objetivo es indudablemente satisfacer las necesidades y dar soluciones a Nuestros Clientes.<\/p>","protected":false},"featured_media":12590,"comment_status":"closed","ping_status":"closed","template":"","meta":[],"product_cat":[51],"product_tag":[],"_links":{"self":[{"href":"https:\/\/cortemetal.com.co\/en\/wp-json\/wp\/v2\/product\/12589"}],"collection":[{"href":"https:\/\/cortemetal.com.co\/en\/wp-json\/wp\/v2\/product"}],"about":[{"href":"https:\/\/cortemetal.com.co\/en\/wp-json\/wp\/v2\/types\/product"}],"replies":[{"embeddable":true,"href":"https:\/\/cortemetal.com.co\/en\/wp-json\/wp\/v2\/comments?post=12589"}],"wp:featuredmedia":[{"embeddable":true,"href":"https:\/\/cortemetal.com.co\/en\/wp-json\/wp\/v2\/media\/12590"}],"wp:attachment":[{"href":"https:\/\/cortemetal.com.co\/en\/wp-json\/wp\/v2\/media?parent=12589"}],"wp:term":[{"taxonomy":"product_cat","embeddable":true,"href":"https:\/\/cortemetal.com.co\/en\/wp-json\/wp\/v2\/product_cat?post=12589"},{"taxonomy":"product_tag","embeddable":true,"href":"https:\/\/cortemetal.com.co\/en\/wp-json\/wp\/v2\/product_tag?post=12589"}],"curies":[{"name":"wp","href":"https:\/\/api.w.org\/{rel}","templated":true}]}}