{"id":12595,"date":"2018-10-14T19:10:32","date_gmt":"2018-10-15T00:10:32","guid":{"rendered":"http:\/\/cortemetal.com.co\/product\/perforado-de-metal-con-taladro\/"},"modified":"2021-05-27T09:20:45","modified_gmt":"2021-05-27T14:20:45","slug":"perforado-de-metal-con-taladro","status":"publish","type":"product","link":"https:\/\/cortemetal.com.co\/en\/product\/perforado-de-metal-con-taladro\/","title":{"rendered":"Perforado de metal con taladro"},"content":{"rendered":"","protected":false},"excerpt":{"rendered":"<p>Perforamos en fr\u00edo con Taladro Radial, sin modificar propiedades de los aceros y garantizando los di\u00e1metros deseados en la perforaci\u00f3n.<\/p>","protected":false},"featured_media":12596,"comment_status":"closed","ping_status":"closed","template":"","meta":[],"product_cat":[51],"product_tag":[],"_links":{"self":[{"href":"https:\/\/cortemetal.com.co\/en\/wp-json\/wp\/v2\/product\/12595"}],"collection":[{"href":"https:\/\/cortemetal.com.co\/en\/wp-json\/wp\/v2\/product"}],"about":[{"href":"https:\/\/cortemetal.com.co\/en\/wp-json\/wp\/v2\/types\/product"}],"replies":[{"embeddable":true,"href":"https:\/\/cortemetal.com.co\/en\/wp-json\/wp\/v2\/comments?post=12595"}],"wp:featuredmedia":[{"embeddable":true,"href":"https:\/\/cortemetal.com.co\/en\/wp-json\/wp\/v2\/media\/12596"}],"wp:attachment":[{"href":"https:\/\/cortemetal.com.co\/en\/wp-json\/wp\/v2\/media?parent=12595"}],"wp:term":[{"taxonomy":"product_cat","embeddable":true,"href":"https:\/\/cortemetal.com.co\/en\/wp-json\/wp\/v2\/product_cat?post=12595"},{"taxonomy":"product_tag","embeddable":true,"href":"https:\/\/cortemetal.com.co\/en\/wp-json\/wp\/v2\/product_tag?post=12595"}],"curies":[{"name":"wp","href":"https:\/\/api.w.org\/{rel}","templated":true}]}}