{"id":12597,"date":"2018-10-14T19:12:50","date_gmt":"2018-10-15T00:12:50","guid":{"rendered":"http:\/\/cortemetal.com.co\/product\/equipos-y-estructuras-metalicas\/"},"modified":"2021-05-27T09:20:34","modified_gmt":"2021-05-27T14:20:34","slug":"equipos-y-estructuras-metalicas","status":"publish","type":"product","link":"https:\/\/cortemetal.com.co\/en\/product\/equipos-y-estructuras-metalicas\/","title":{"rendered":"Equipos y estructuras m\u00e9talicas"},"content":{"rendered":"","protected":false},"excerpt":{"rendered":"<p>Dise\u00f1o y la fabricaci\u00f3n de equipos y productos en metal o acero, ofrecemos: soldaduras especiales, producci\u00f3n de m\u00e1quinas neum\u00e1ticas, hidr\u00e1ulicas y mec\u00e1nicas, soluciones para el hogar y la industria.<\/p>","protected":false},"featured_media":12598,"comment_status":"closed","ping_status":"closed","template":"","meta":[],"product_cat":[51],"product_tag":[],"_links":{"self":[{"href":"https:\/\/cortemetal.com.co\/en\/wp-json\/wp\/v2\/product\/12597"}],"collection":[{"href":"https:\/\/cortemetal.com.co\/en\/wp-json\/wp\/v2\/product"}],"about":[{"href":"https:\/\/cortemetal.com.co\/en\/wp-json\/wp\/v2\/types\/product"}],"replies":[{"embeddable":true,"href":"https:\/\/cortemetal.com.co\/en\/wp-json\/wp\/v2\/comments?post=12597"}],"wp:featuredmedia":[{"embeddable":true,"href":"https:\/\/cortemetal.com.co\/en\/wp-json\/wp\/v2\/media\/12598"}],"wp:attachment":[{"href":"https:\/\/cortemetal.com.co\/en\/wp-json\/wp\/v2\/media?parent=12597"}],"wp:term":[{"taxonomy":"product_cat","embeddable":true,"href":"https:\/\/cortemetal.com.co\/en\/wp-json\/wp\/v2\/product_cat?post=12597"},{"taxonomy":"product_tag","embeddable":true,"href":"https:\/\/cortemetal.com.co\/en\/wp-json\/wp\/v2\/product_tag?post=12597"}],"curies":[{"name":"wp","href":"https:\/\/api.w.org\/{rel}","templated":true}]}}