{"id":12599,"date":"2018-10-14T19:45:00","date_gmt":"2018-10-15T00:45:00","guid":{"rendered":"http:\/\/cortemetal.com.co\/product\/contenedores-tipo-triservicios\/"},"modified":"2021-06-17T18:06:19","modified_gmt":"2021-06-17T23:06:19","slug":"contenedores-tipo-triservicios","status":"publish","type":"product","link":"https:\/\/cortemetal.com.co\/en\/product\/contenedores-tipo-triservicios\/","title":{"rendered":"Contenedores tipo triservicios"},"content":{"rendered":"","protected":false},"excerpt":{"rendered":"<p>Como su nombre lo indica prestan 3 servicios: Ba\u00f1o, bodega y cocina, su tama\u00f1o var\u00eda dependiendo de las necesidades del cliente.<\/p>\n<p>Es un contenedor mar\u00edtimo de 20\u2019 ( 6X2.40X2.40Mts. ) Con paredes internas y divisiones forradas en superboard de 8mm. Con aislante t\u00e9rmico frescasa. Paredes pintadas en esmalte blanco. Guarda escobas y piso en vinilo de alto tr\u00e1fico, 2 puertas de ingreso, una para el ba\u00f1o y otra para la cocineta; \u00a0La Bodega y la cocineta se comunican por una puerta.<\/p>\n<p><strong>Ba\u00f1o<\/strong><\/p>\n<p>&#8211; 1 Lavamanos,un Sanitario,un orinal, 1 ventana de 60X60Cm en aluminio, 1 tomacorriente, 1 l\u00e1mpara iluminicaci\u00f3n Led.<\/p>\n<p>Medidas : 1.50X2.20Mts.<\/p>\n<p><strong>Cocina<\/strong><\/p>\n<p>-1 cocineta con 3 boquillas para gas y una el\u00e9ctrica. 1.80X2.20Mts, 1 lavaplatos, 1\u00a0ventana de 60X60cm en aluminio, 2 tamacorrientes, 1 l\u00e1mpara Iluminiac\u00edon Led.<\/p>\n<p><strong>Bodega<\/strong><\/p>\n<p>&#8211; 2 Estanterias de 4 puestos graduables, para trabajo pesado 1.30X2Mts, 1 ventana de 60x60cm, 1 Ventana de 60X60 cm en aluminio, 2 tamacorrientes, 1 l\u00e1mpara iluminaci\u00f3n led.<\/p>\n<p>Medidas : 2.20X2.30Mts.<\/p>","protected":false},"featured_media":12600,"comment_status":"closed","ping_status":"closed","template":"","meta":[],"product_cat":[50],"product_tag":[],"_links":{"self":[{"href":"https:\/\/cortemetal.com.co\/en\/wp-json\/wp\/v2\/product\/12599"}],"collection":[{"href":"https:\/\/cortemetal.com.co\/en\/wp-json\/wp\/v2\/product"}],"about":[{"href":"https:\/\/cortemetal.com.co\/en\/wp-json\/wp\/v2\/types\/product"}],"replies":[{"embeddable":true,"href":"https:\/\/cortemetal.com.co\/en\/wp-json\/wp\/v2\/comments?post=12599"}],"wp:featuredmedia":[{"embeddable":true,"href":"https:\/\/cortemetal.com.co\/en\/wp-json\/wp\/v2\/media\/12600"}],"wp:attachment":[{"href":"https:\/\/cortemetal.com.co\/en\/wp-json\/wp\/v2\/media?parent=12599"}],"wp:term":[{"taxonomy":"product_cat","embeddable":true,"href":"https:\/\/cortemetal.com.co\/en\/wp-json\/wp\/v2\/product_cat?post=12599"},{"taxonomy":"product_tag","embeddable":true,"href":"https:\/\/cortemetal.com.co\/en\/wp-json\/wp\/v2\/product_tag?post=12599"}],"curies":[{"name":"wp","href":"https:\/\/api.w.org\/{rel}","templated":true}]}}