{"id":12603,"date":"2018-10-15T13:32:42","date_gmt":"2018-10-15T18:32:42","guid":{"rendered":"http:\/\/cortemetal.com.co\/product\/oxigeno\/"},"modified":"2021-05-27T09:18:29","modified_gmt":"2021-05-27T14:18:29","slug":"oxigeno","status":"publish","type":"product","link":"https:\/\/cortemetal.com.co\/en\/product\/oxigeno\/","title":{"rendered":"Oxigeno"},"content":{"rendered":"","protected":false},"excerpt":{"rendered":"<p>El Ox\u00edgeno es un gas incoloro e inodoro, formando parte del aire atmosf\u00e9rico en un 20,95 % vol. Al ser intensamente oxidante, debe evitarse todo contacto con sustancias f\u00e1cilmente combustibles, ya que pueden provocar su inflamaci\u00f3n.<\/p>\n<p><strong>\u00a0<\/strong><strong>Usos<\/strong><strong>:\u00a0<\/strong>Oxicorte y soldadura. Corte l\u00e1ser. Combusti\u00f3n. Industria qu\u00edmica. Tratamiento de superficies con llama. Tratamiento de aguas residuales. Piscicultura. Producci\u00f3n de Ozono.<\/p>\n<p>&nbsp;<\/p>","protected":false},"featured_media":12604,"comment_status":"closed","ping_status":"closed","template":"","meta":[],"product_cat":[48],"product_tag":[],"_links":{"self":[{"href":"https:\/\/cortemetal.com.co\/en\/wp-json\/wp\/v2\/product\/12603"}],"collection":[{"href":"https:\/\/cortemetal.com.co\/en\/wp-json\/wp\/v2\/product"}],"about":[{"href":"https:\/\/cortemetal.com.co\/en\/wp-json\/wp\/v2\/types\/product"}],"replies":[{"embeddable":true,"href":"https:\/\/cortemetal.com.co\/en\/wp-json\/wp\/v2\/comments?post=12603"}],"wp:featuredmedia":[{"embeddable":true,"href":"https:\/\/cortemetal.com.co\/en\/wp-json\/wp\/v2\/media\/12604"}],"wp:attachment":[{"href":"https:\/\/cortemetal.com.co\/en\/wp-json\/wp\/v2\/media?parent=12603"}],"wp:term":[{"taxonomy":"product_cat","embeddable":true,"href":"https:\/\/cortemetal.com.co\/en\/wp-json\/wp\/v2\/product_cat?post=12603"},{"taxonomy":"product_tag","embeddable":true,"href":"https:\/\/cortemetal.com.co\/en\/wp-json\/wp\/v2\/product_tag?post=12603"}],"curies":[{"name":"wp","href":"https:\/\/api.w.org\/{rel}","templated":true}]}}