{"id":12605,"date":"2018-10-15T13:45:01","date_gmt":"2018-10-15T18:45:01","guid":{"rendered":"http:\/\/cortemetal.com.co\/product\/dioxido-de-carbono-co2\/"},"modified":"2021-05-27T09:18:22","modified_gmt":"2021-05-27T14:18:22","slug":"dioxido-de-carbono-co2","status":"publish","type":"product","link":"https:\/\/cortemetal.com.co\/en\/product\/dioxido-de-carbono-co2\/","title":{"rendered":"Di\u00f3xido de carbono co2"},"content":{"rendered":"","protected":false},"excerpt":{"rendered":"<p>El Di\u00f3xido de Carbono es un gas incoloro e inodoro, presente en la atm\u00f3sfera en un 0,03% vol. El Di\u00f3xido de Carbono se suministra licuado a temperatura ambiente bajo su presi\u00f3n de vapor en botellas de acero, o a baja temperatura en cisternas.<\/p>\n<p><strong>Usos<\/strong><strong>:<\/strong>\u00a0Soldadura MAG, elaboraci\u00f3n de mezclas de soldadura, elaboraci\u00f3n de atm\u00f3sferas controladas, Industria qu\u00edmica, Carbonataci\u00f3n de aguas, Tecnologia alimentaria, tecnolog\u00eda de estado supercr\u00edtico.<\/p>\n<p>&nbsp;<\/p>","protected":false},"featured_media":12606,"comment_status":"closed","ping_status":"closed","template":"","meta":[],"product_cat":[48],"product_tag":[],"_links":{"self":[{"href":"https:\/\/cortemetal.com.co\/en\/wp-json\/wp\/v2\/product\/12605"}],"collection":[{"href":"https:\/\/cortemetal.com.co\/en\/wp-json\/wp\/v2\/product"}],"about":[{"href":"https:\/\/cortemetal.com.co\/en\/wp-json\/wp\/v2\/types\/product"}],"replies":[{"embeddable":true,"href":"https:\/\/cortemetal.com.co\/en\/wp-json\/wp\/v2\/comments?post=12605"}],"wp:featuredmedia":[{"embeddable":true,"href":"https:\/\/cortemetal.com.co\/en\/wp-json\/wp\/v2\/media\/12606"}],"wp:attachment":[{"href":"https:\/\/cortemetal.com.co\/en\/wp-json\/wp\/v2\/media?parent=12605"}],"wp:term":[{"taxonomy":"product_cat","embeddable":true,"href":"https:\/\/cortemetal.com.co\/en\/wp-json\/wp\/v2\/product_cat?post=12605"},{"taxonomy":"product_tag","embeddable":true,"href":"https:\/\/cortemetal.com.co\/en\/wp-json\/wp\/v2\/product_tag?post=12605"}],"curies":[{"name":"wp","href":"https:\/\/api.w.org\/{rel}","templated":true}]}}