{"id":12607,"date":"2018-10-15T13:46:33","date_gmt":"2018-10-15T18:46:33","guid":{"rendered":"http:\/\/cortemetal.com.co\/product\/propano\/"},"modified":"2021-05-27T09:18:12","modified_gmt":"2021-05-27T14:18:12","slug":"propano","status":"publish","type":"product","link":"https:\/\/cortemetal.com.co\/en\/product\/propano\/","title":{"rendered":"Propano"},"content":{"rendered":"","protected":false},"excerpt":{"rendered":"<p>El Propano es un gas licuado altamente inflamable. No t\u00f3xico.<\/p>\n<p><strong>Usos<\/strong><strong>:\u00a0<\/strong>Como gas combustible en: &#8211; Corte. &#8211; Soldadura fuerte. &#8211; Proyecci\u00f3n t\u00e9rmica de alta velocidad. &#8211; Metalurgia. &#8211; Instrumentaci\u00f3n anal\u00edtica (fotometr\u00eda de llama). &#8211; Patr\u00f3n para la medida calorim\u00e9trica.<\/p>\n<p>&nbsp;<\/p>","protected":false},"featured_media":12608,"comment_status":"closed","ping_status":"closed","template":"","meta":[],"product_cat":[48],"product_tag":[],"_links":{"self":[{"href":"https:\/\/cortemetal.com.co\/en\/wp-json\/wp\/v2\/product\/12607"}],"collection":[{"href":"https:\/\/cortemetal.com.co\/en\/wp-json\/wp\/v2\/product"}],"about":[{"href":"https:\/\/cortemetal.com.co\/en\/wp-json\/wp\/v2\/types\/product"}],"replies":[{"embeddable":true,"href":"https:\/\/cortemetal.com.co\/en\/wp-json\/wp\/v2\/comments?post=12607"}],"wp:featuredmedia":[{"embeddable":true,"href":"https:\/\/cortemetal.com.co\/en\/wp-json\/wp\/v2\/media\/12608"}],"wp:attachment":[{"href":"https:\/\/cortemetal.com.co\/en\/wp-json\/wp\/v2\/media?parent=12607"}],"wp:term":[{"taxonomy":"product_cat","embeddable":true,"href":"https:\/\/cortemetal.com.co\/en\/wp-json\/wp\/v2\/product_cat?post=12607"},{"taxonomy":"product_tag","embeddable":true,"href":"https:\/\/cortemetal.com.co\/en\/wp-json\/wp\/v2\/product_tag?post=12607"}],"curies":[{"name":"wp","href":"https:\/\/api.w.org\/{rel}","templated":true}]}}