{"id":12609,"date":"2018-10-15T13:47:59","date_gmt":"2018-10-15T18:47:59","guid":{"rendered":"http:\/\/cortemetal.com.co\/product\/gas-propano-para-montacargas\/"},"modified":"2021-05-27T09:18:05","modified_gmt":"2021-05-27T14:18:05","slug":"gas-propano-para-montacargas","status":"publish","type":"product","link":"https:\/\/cortemetal.com.co\/en\/product\/gas-propano-para-montacargas\/","title":{"rendered":"Gas propano para montacargas"},"content":{"rendered":"","protected":false},"excerpt":{"rendered":"<p>El gas para montacargas es la mejor opci\u00f3n en combustible para la industria, porque es muy seguro y tiene muy bajo volumen en relaci\u00f3n a la energ\u00eda que produce. Adem\u00e1s, mantiene la potencia del motor, reduce los costes de acopio y emite pocos contaminantes.<\/p>\n<p>&nbsp;<\/p>","protected":false},"featured_media":12610,"comment_status":"closed","ping_status":"closed","template":"","meta":[],"product_cat":[48],"product_tag":[],"_links":{"self":[{"href":"https:\/\/cortemetal.com.co\/en\/wp-json\/wp\/v2\/product\/12609"}],"collection":[{"href":"https:\/\/cortemetal.com.co\/en\/wp-json\/wp\/v2\/product"}],"about":[{"href":"https:\/\/cortemetal.com.co\/en\/wp-json\/wp\/v2\/types\/product"}],"replies":[{"embeddable":true,"href":"https:\/\/cortemetal.com.co\/en\/wp-json\/wp\/v2\/comments?post=12609"}],"wp:featuredmedia":[{"embeddable":true,"href":"https:\/\/cortemetal.com.co\/en\/wp-json\/wp\/v2\/media\/12610"}],"wp:attachment":[{"href":"https:\/\/cortemetal.com.co\/en\/wp-json\/wp\/v2\/media?parent=12609"}],"wp:term":[{"taxonomy":"product_cat","embeddable":true,"href":"https:\/\/cortemetal.com.co\/en\/wp-json\/wp\/v2\/product_cat?post=12609"},{"taxonomy":"product_tag","embeddable":true,"href":"https:\/\/cortemetal.com.co\/en\/wp-json\/wp\/v2\/product_tag?post=12609"}],"curies":[{"name":"wp","href":"https:\/\/api.w.org\/{rel}","templated":true}]}}