{"id":12611,"date":"2018-10-15T13:57:17","date_gmt":"2018-10-15T18:57:17","guid":{"rendered":"http:\/\/cortemetal.com.co\/product\/laminas-metalicas\/"},"modified":"2021-05-27T09:17:55","modified_gmt":"2021-05-27T14:17:55","slug":"laminas-metalicas","status":"publish","type":"product","link":"https:\/\/cortemetal.com.co\/en\/product\/laminas-metalicas\/","title":{"rendered":"L\u00e1minas met\u00e1licas"},"content":{"rendered":"","protected":false},"excerpt":{"rendered":"<p><strong>L\u00e1mina Galvanizada<\/strong><\/p>\n<p>Las L\u00e1minas galvanizadas son aquellas que son recubiertas por sus dos lados con una capa de zinc, de esta manera son m\u00e1s resistentes al oxido.<\/p>\n<p><strong>L\u00e1minas HR A-36<\/strong><\/p>\n<p>Su nombre de l\u00e1mina HR se debe a su proceso de elaboraci\u00f3n en caliente. La l\u00e1mina A36 se usa para la fabricaci\u00f3n de tanques para alimentos no perecederos, tanques para combustibles, trapiches, maquinaria que no requiere alta resistencia, pisos de maquinaria pesada, carrocer\u00edas y fabricaci\u00f3n de equipos en general.<\/p>\n<p><strong>L\u00e1mina CR\u00a0<\/strong><\/p>\n<p>Se le conoce tambi\u00e9n por su nombre en ingl\u00e9s (Cold Rolled, que significa laminada en fr\u00edo). Es un producto de acero que se obtiene por laminaci\u00f3n en fr\u00edo de bobinas o bandas en caliente mediante reducci\u00f3n mec\u00e1nica de espesor (estiramiento) y aplicando tratamientos t\u00e9rmicos para obtener caracter\u00edsticas finales.<\/p>\n<p><strong>Lamina Alfajor<\/strong><\/p>\n<p>La l\u00e1mina alfajor es obtenida a partir de laminaci\u00f3n en caliente con patrones de resaltes en su superficie, es antideslizante, ideal para uso industrial en zonas de riesgo y alto tr\u00e1fico donde se requiera una opci\u00f3n durable y verdaderamente antideslizante. Igualmente es una excelente soluci\u00f3n para plataformas, bases de maquinaria, veh\u00edculos y equipos mar\u00edtimos.<\/p>\n<p>&nbsp;<\/p>","protected":false},"featured_media":12612,"comment_status":"closed","ping_status":"closed","template":"","meta":[],"product_cat":[49],"product_tag":[],"_links":{"self":[{"href":"https:\/\/cortemetal.com.co\/en\/wp-json\/wp\/v2\/product\/12611"}],"collection":[{"href":"https:\/\/cortemetal.com.co\/en\/wp-json\/wp\/v2\/product"}],"about":[{"href":"https:\/\/cortemetal.com.co\/en\/wp-json\/wp\/v2\/types\/product"}],"replies":[{"embeddable":true,"href":"https:\/\/cortemetal.com.co\/en\/wp-json\/wp\/v2\/comments?post=12611"}],"wp:featuredmedia":[{"embeddable":true,"href":"https:\/\/cortemetal.com.co\/en\/wp-json\/wp\/v2\/media\/12612"}],"wp:attachment":[{"href":"https:\/\/cortemetal.com.co\/en\/wp-json\/wp\/v2\/media?parent=12611"}],"wp:term":[{"taxonomy":"product_cat","embeddable":true,"href":"https:\/\/cortemetal.com.co\/en\/wp-json\/wp\/v2\/product_cat?post=12611"},{"taxonomy":"product_tag","embeddable":true,"href":"https:\/\/cortemetal.com.co\/en\/wp-json\/wp\/v2\/product_tag?post=12611"}],"curies":[{"name":"wp","href":"https:\/\/api.w.org\/{rel}","templated":true}]}}