{"id":12615,"date":"2018-10-15T14:00:52","date_gmt":"2018-10-15T19:00:52","guid":{"rendered":"http:\/\/cortemetal.com.co\/product\/tuberias-metalicas\/"},"modified":"2021-05-27T09:17:32","modified_gmt":"2021-05-27T14:17:32","slug":"tuberias-metalicas","status":"publish","type":"product","link":"https:\/\/cortemetal.com.co\/en\/product\/tuberias-metalicas\/","title":{"rendered":"Tuber\u00edas met\u00e1licas"},"content":{"rendered":"","protected":false},"excerpt":{"rendered":"<p><strong>Tubos Redondos\u00a0<\/strong><\/p>\n<p>Los perfiles estructurales tubulares redondos, son una opci\u00f3n industrial creada para construir Sistema Estructurales Met\u00e1licos de alta resistencia, de una manera pr\u00e1ctica, r\u00e1pida y sencilla.<\/p>\n<p><strong>Tubos Cuadrados<\/strong><\/p>\n<p>Los perfiles estructurales tubulares cuadrados se fabrican de acuerdo a la norma ASTM A-500 con las dimensiones reales indicadas en las tablas y se comercializan seg\u00fan las dimensiones nominales de com\u00fan manejo. La Longitud normal de fabricaci\u00f3n es 6.00m.<\/p>\n<p><strong>Usos:<\/strong> P\u00f3rticos &#8211; Cerchas &#8211; Columnas &#8211; Vigas &#8211; Viguetas \u2013 Correas<strong>\u00a0<\/strong><\/p>\n<p><strong>Tubos Rectangulares<\/strong><\/p>\n<p>Se pueden emplear como columnas, vigas, viguetas simples o en combinacio\u0301n con otros elementos estructurales.<\/p>","protected":false},"featured_media":12616,"comment_status":"closed","ping_status":"closed","template":"","meta":[],"product_cat":[49],"product_tag":[],"_links":{"self":[{"href":"https:\/\/cortemetal.com.co\/en\/wp-json\/wp\/v2\/product\/12615"}],"collection":[{"href":"https:\/\/cortemetal.com.co\/en\/wp-json\/wp\/v2\/product"}],"about":[{"href":"https:\/\/cortemetal.com.co\/en\/wp-json\/wp\/v2\/types\/product"}],"replies":[{"embeddable":true,"href":"https:\/\/cortemetal.com.co\/en\/wp-json\/wp\/v2\/comments?post=12615"}],"wp:featuredmedia":[{"embeddable":true,"href":"https:\/\/cortemetal.com.co\/en\/wp-json\/wp\/v2\/media\/12616"}],"wp:attachment":[{"href":"https:\/\/cortemetal.com.co\/en\/wp-json\/wp\/v2\/media?parent=12615"}],"wp:term":[{"taxonomy":"product_cat","embeddable":true,"href":"https:\/\/cortemetal.com.co\/en\/wp-json\/wp\/v2\/product_cat?post=12615"},{"taxonomy":"product_tag","embeddable":true,"href":"https:\/\/cortemetal.com.co\/en\/wp-json\/wp\/v2\/product_tag?post=12615"}],"curies":[{"name":"wp","href":"https:\/\/api.w.org\/{rel}","templated":true}]}}