{"id":12717,"date":"2018-11-05T16:21:14","date_gmt":"2018-11-05T21:21:14","guid":{"rendered":"http:\/\/cortemetal.com.co\/product\/transporte-maquinaria-contenedores\/"},"modified":"2021-06-17T20:11:04","modified_gmt":"2021-06-18T01:11:04","slug":"transporte-maquinaria-contenedores","status":"publish","type":"product","link":"https:\/\/cortemetal.com.co\/en\/product\/transporte-maquinaria-contenedores\/","title":{"rendered":"Transporte de maquinaria y contenedores"},"content":{"rendered":"","protected":false},"excerpt":{"rendered":"<p>Servicio de transporte de contenedores y equipos, maquinaria pesada: tractores, buldozer,cargadores, plantas el\u00e9ctricas Etc.<\/p>\n<p>Contamos con\u00a0 cami\u00f3n planch\u00f3n gr\u00faa para 5 toneladas,\u00a0 NKR para tres Toneladas, estacas y\u00a0 camioneta Kia para 1.5 Toneladas.<\/p>","protected":false},"featured_media":12718,"comment_status":"closed","ping_status":"closed","template":"","meta":[],"product_cat":[50],"product_tag":[],"_links":{"self":[{"href":"https:\/\/cortemetal.com.co\/en\/wp-json\/wp\/v2\/product\/12717"}],"collection":[{"href":"https:\/\/cortemetal.com.co\/en\/wp-json\/wp\/v2\/product"}],"about":[{"href":"https:\/\/cortemetal.com.co\/en\/wp-json\/wp\/v2\/types\/product"}],"replies":[{"embeddable":true,"href":"https:\/\/cortemetal.com.co\/en\/wp-json\/wp\/v2\/comments?post=12717"}],"wp:featuredmedia":[{"embeddable":true,"href":"https:\/\/cortemetal.com.co\/en\/wp-json\/wp\/v2\/media\/12718"}],"wp:attachment":[{"href":"https:\/\/cortemetal.com.co\/en\/wp-json\/wp\/v2\/media?parent=12717"}],"wp:term":[{"taxonomy":"product_cat","embeddable":true,"href":"https:\/\/cortemetal.com.co\/en\/wp-json\/wp\/v2\/product_cat?post=12717"},{"taxonomy":"product_tag","embeddable":true,"href":"https:\/\/cortemetal.com.co\/en\/wp-json\/wp\/v2\/product_tag?post=12717"}],"curies":[{"name":"wp","href":"https:\/\/api.w.org\/{rel}","templated":true}]}}