{"id":12818,"date":"2018-12-08T23:45:13","date_gmt":"2018-12-09T04:45:13","guid":{"rendered":"http:\/\/cortemetal.com.co\/product\/cantonera-para-contenedores\/"},"modified":"2021-05-27T08:38:59","modified_gmt":"2021-05-27T13:38:59","slug":"cantonera-para-contenedores","status":"publish","type":"product","link":"https:\/\/cortemetal.com.co\/en\/product\/cantonera-para-contenedores\/","title":{"rendered":"Cantonera para contenedores"},"content":{"rendered":"","protected":false},"excerpt":{"rendered":"<p>Pieza situada en las esquinas de los contenedores, que permiten\u00a0\u00a0fijarlos durante su transporte. Su principal aplicaci\u00f3n es asegurar un contenedor en su sitio en un cami\u00f3n portacontenedores; as\u00ed como facilitar su manejo a la hora de elevarlos con gr\u00faas.<\/p>","protected":false},"featured_media":12819,"comment_status":"closed","ping_status":"closed","template":"","meta":[],"product_cat":[50],"product_tag":[],"_links":{"self":[{"href":"https:\/\/cortemetal.com.co\/en\/wp-json\/wp\/v2\/product\/12818"}],"collection":[{"href":"https:\/\/cortemetal.com.co\/en\/wp-json\/wp\/v2\/product"}],"about":[{"href":"https:\/\/cortemetal.com.co\/en\/wp-json\/wp\/v2\/types\/product"}],"replies":[{"embeddable":true,"href":"https:\/\/cortemetal.com.co\/en\/wp-json\/wp\/v2\/comments?post=12818"}],"wp:featuredmedia":[{"embeddable":true,"href":"https:\/\/cortemetal.com.co\/en\/wp-json\/wp\/v2\/media\/12819"}],"wp:attachment":[{"href":"https:\/\/cortemetal.com.co\/en\/wp-json\/wp\/v2\/media?parent=12818"}],"wp:term":[{"taxonomy":"product_cat","embeddable":true,"href":"https:\/\/cortemetal.com.co\/en\/wp-json\/wp\/v2\/product_cat?post=12818"},{"taxonomy":"product_tag","embeddable":true,"href":"https:\/\/cortemetal.com.co\/en\/wp-json\/wp\/v2\/product_tag?post=12818"}],"curies":[{"name":"wp","href":"https:\/\/api.w.org\/{rel}","templated":true}]}}